{"id":1693,"date":"2023-09-12T10:45:49","date_gmt":"2023-09-12T08:45:49","guid":{"rendered":"https:\/\/www.ledracy.com\/?page_id=1693"},"modified":"2025-04-03T13:25:18","modified_gmt":"2025-04-03T11:25:18","slug":"special-offers","status":"publish","type":"page","link":"https:\/\/www.ledracy.com\/en\/offres-speciales\/","title":{"rendered":"Special offers"},"content":{"rendered":"\t\t<div data-elementor-type=\"wp-page\" data-elementor-id=\"1693\" class=\"elementor elementor-1693\" data-elementor-post-type=\"page\">\n\t\t\t\t<div class=\"elementor-element elementor-element-7792680 e-con-full e-flex e-con e-parent\" data-id=\"7792680\" data-element_type=\"container\" data-e-type=\"container\" id=\"top\" data-settings=\"{&quot;background_background&quot;:&quot;slideshow&quot;,&quot;background_slideshow_gallery&quot;:[{&quot;id&quot;:5106,&quot;url&quot;:&quot;https:\\\/\\\/www.ledracy.com\\\/wp-content\\\/uploads\\\/2024\\\/11\\\/hoteletspa-ledracy-piscine-exterieure-couple-2-1-scaled.jpg&quot;},{&quot;id&quot;:5108,&quot;url&quot;:&quot;https:\\\/\\\/www.ledracy.com\\\/wp-content\\\/uploads\\\/2024\\\/11\\\/hoteletspa-ledracy-petit-dejeuner-terrasse-restaurant-2-scaled.jpg&quot;},{&quot;id&quot;:4774,&quot;url&quot;:&quot;https:\\\/\\\/www.ledracy.com\\\/wp-content\\\/uploads\\\/2024\\\/11\\\/couple-spa.jpg&quot;},{&quot;id&quot;:4656,&quot;url&quot;:&quot;https:\\\/\\\/www.ledracy.com\\\/wp-content\\\/uploads\\\/2024\\\/10\\\/hoteletspa-ledracy-spa-massage-duo-scaled.jpg&quot;},{&quot;id&quot;:4312,&quot;url&quot;:&quot;https:\\\/\\\/www.ledracy.com\\\/wp-content\\\/uploads\\\/2023\\\/09\\\/hoteletspa-ledracy-spa-piscine-interieure6-scaled.jpg&quot;}],&quot;background_slideshow_slide_duration&quot;:3000,&quot;background_slideshow_ken_burns&quot;:&quot;yes&quot;,&quot;background_slideshow_loop&quot;:&quot;yes&quot;,&quot;background_slideshow_slide_transition&quot;:&quot;fade&quot;,&quot;background_slideshow_transition_duration&quot;:500,&quot;background_slideshow_ken_burns_zoom_direction&quot;:&quot;in&quot;}\">\n\t\t\t\t<div class=\"elementor-element elementor-element-5b076c7 elementor-widget elementor-widget-heading\" data-id=\"5b076c7\" data-element_type=\"widget\" data-e-type=\"widget\" data-widget_type=\"heading.default\">\n\t\t\t\t<div class=\"elementor-widget-container\">\n\t\t\t\t\t<h1 class=\"elementor-heading-title elementor-size-default\">Offres sp\u00e9ciales<\/h1>\t\t\t\t<\/div>\n\t\t\t\t<\/div>\n\t\t\t\t<\/div>\n\t\t<div class=\"elementor-element elementor-element-4d4acbb e-flex e-con-boxed e-con e-parent\" data-id=\"4d4acbb\" data-element_type=\"container\" data-e-type=\"container\" id=\"first-content\">\n\t\t\t\t\t<div class=\"e-con-inner\">\n\t\t\t\t<div class=\"elementor-element elementor-element-5b6bd87 elementor-widget elementor-widget-heading\" data-id=\"5b6bd87\" data-element_type=\"widget\" data-e-type=\"widget\" data-widget_type=\"heading.default\">\n\t\t\t\t<div class=\"elementor-widget-container\">\n\t\t\t\t\t<h2 class=\"elementor-heading-title elementor-size-default\">R\u00e9servez votre moment d\u2019exception <\/br>\nau Dracy <\/h2>\t\t\t\t<\/div>\n\t\t\t\t<\/div>\n\t\t\t\t<div class=\"elementor-element elementor-element-30470c4 elementor-widget-divider--view-line_icon elementor-view-default elementor-widget-divider--element-align-center elementor-widget elementor-widget-global elementor-global-364 elementor-widget-divider\" data-id=\"30470c4\" data-element_type=\"widget\" data-e-type=\"widget\" data-widget_type=\"divider.default\">\n\t\t\t\t<div class=\"elementor-widget-container\">\n\t\t\t\t\t\t\t<div class=\"elementor-divider\">\n\t\t\t<span class=\"elementor-divider-separator\">\n\t\t\t\t\t\t\t<div class=\"elementor-icon elementor-divider__element\">\n\t\t\t\t\t<i aria-hidden=\"true\" class=\"fas fa-dot-circle\"><\/i><\/div>\n\t\t\t\t\t\t<\/span>\n\t\t<\/div>\n\t\t\t\t\t\t<\/div>\n\t\t\t\t<\/div>\n\t\t\t\t\t<\/div>\n\t\t\t\t<\/div>\n\t\t<div class=\"elementor-element elementor-element-406b445 e-flex e-con-boxed e-con e-parent\" data-id=\"406b445\" data-element_type=\"container\" data-e-type=\"container\">\n\t\t\t\t\t<div class=\"e-con-inner\">\n\t\t\t\t<div class=\"elementor-element elementor-element-375cca2 elementor-grid-2 elementor-pagination-type-bullets elementor-grid-tablet-2 elementor-grid-mobile-1 elementor-arrows-position-inside elementor-widget elementor-widget-offers-list\" data-id=\"375cca2\" data-element_type=\"widget\" data-e-type=\"widget\" data-settings=\"{&quot;element_skin&quot;:&quot;card&quot;,&quot;cards_columns&quot;:&quot;2&quot;,&quot;space_between&quot;:{&quot;unit&quot;:&quot;px&quot;,&quot;size&quot;:10,&quot;sizes&quot;:[]},&quot;space_between_tablet&quot;:{&quot;unit&quot;:&quot;px&quot;,&quot;size&quot;:10,&quot;sizes&quot;:[]},&quot;space_between_mobile&quot;:{&quot;unit&quot;:&quot;px&quot;,&quot;size&quot;:10,&quot;sizes&quot;:[]},&quot;effect&quot;:&quot;slide&quot;,&quot;autoplay&quot;:&quot;no&quot;,&quot;swiper_arrows&quot;:&quot;yes&quot;,&quot;chevrons_visible&quot;:&quot;hover&quot;,&quot;cursor_grab&quot;:&quot;yes&quot;,&quot;carousel_first_only&quot;:&quot;no&quot;,&quot;infinite&quot;:&quot;yes&quot;,&quot;pagination&quot;:&quot;bullets&quot;,&quot;categories_filter&quot;:[&quot;*&quot;],&quot;item_ignore_filter&quot;:[],&quot;validity_date_format&quot;:&quot;long&quot;,&quot;cards_columns_tablet&quot;:&quot;2&quot;,&quot;cards_columns_mobile&quot;:&quot;1&quot;,&quot;row_gap&quot;:{&quot;unit&quot;:&quot;px&quot;,&quot;size&quot;:35,&quot;sizes&quot;:[]}}\" data-widget_type=\"offers-list.default\">\n\t\t\t\t<div class=\"elementor-widget-container\">\n\t\t\t\t\t                        <div class=\"eliophot-offers eliophot-offers__wrapper eliophot-base-list elementor-grid\">\n                    <input type=\"hidden\" class=\"api_id\" value=\"\">\n                            <div\n                class=\"eliophot-offer__container eliophot-base-list__container elementor-grid-item   eliophot-offer__skin-card eliophot-offer_ID_6024 \"\n                data-category=\"\"\n                data-title = \"S\u00e9jour \u00e9chapp\u00e9e gourmande\"\n                data-name = \"sejour-echappee-gourmande\"\n        >\n            \n        <div class=\"eliophot-carousel__slider elementor-swiper\">\n\n                            <div class=\"eliophot-carousel-wrapper elementor-main-swiper swiper\">\n                    <div class=\"elementor-image-carousel swiper-wrapper swiper-image-stretch\">\n                        <!-- Slides -->\n                                                    <div class=\"swiper-slide\">\n                                <div class=\"elementor-carousel-image slide-0-image\" style=\"background-image: url('https:\/\/www.ledracy.com\/wp-content\/uploads\/2024\/09\/hoteletspa-ledracy-restaurant-la-garenne-service-en-terrasse-4-scaled.jpg');\"><\/div>\n                                <link itemprop=\"image\" href=\"https:\/\/www.ledracy.com\/wp-content\/uploads\/2024\/09\/hoteletspa-ledracy-restaurant-la-garenne-service-en-terrasse-4-scaled.jpg\" \/>\n                            <\/div>\n                                                    <div class=\"swiper-slide\">\n                                <div class=\"elementor-carousel-image slide-1-image\" style=\"background-image: url('https:\/\/www.ledracy.com\/wp-content\/uploads\/2024\/09\/hoteletspa-ledracy-restaurant-la-garenne-plat-4-1-scaled.jpg');\"><\/div>\n                                <link itemprop=\"image\" href=\"https:\/\/www.ledracy.com\/wp-content\/uploads\/2024\/09\/hoteletspa-ledracy-restaurant-la-garenne-plat-4-1-scaled.jpg\" \/>\n                            <\/div>\n                                                    <div class=\"swiper-slide\">\n                                <div class=\"elementor-carousel-image slide-2-image\" style=\"background-image: url('https:\/\/www.ledracy.com\/wp-content\/uploads\/2024\/10\/hoteletspa-ledracy-spa-cabine-massage-duo-acces-scaled.jpg');\"><\/div>\n                                <link itemprop=\"image\" href=\"https:\/\/www.ledracy.com\/wp-content\/uploads\/2024\/10\/hoteletspa-ledracy-spa-cabine-massage-duo-acces-scaled.jpg\" \/>\n                            <\/div>\n                                            <\/div>\n\n                                                            <div class=\"swiper-pagination swiper-pagination-bullets\"><\/div>\n                                                                <!-- If we need navigation buttons -->\n                        <div class=\"elementor-swiper-button elementor-swiper-button-prev eliophot-carousel-chevron-hover\">\n                            <i aria-hidden=\"true\" class=\"eicon-chevron-left\"><\/i>                            <span class=\"elementor-screen-only\"><\/span>\n                        <\/div>\n                        <div class=\"elementor-swiper-button elementor-swiper-button-next eliophot-carousel-chevron-hover\">\n                            <i aria-hidden=\"true\" class=\"eicon-chevron-right\"><\/i>                            <span class=\"elementor-screen-only\"><\/span>\n                        <\/div>\n                                    \n                <\/div>\n            \n        <\/div>\n        <div class=\"eliophot-offer__group\">            <div class=\"eliophot-offer__body\">\n                        <!-- TODO: if page link enabled -->\n        <h3 class=\"eliophot-offer__title\">\n            <span class=\"title_before\"><\/span>\n            <a  href=\"https:\/\/www.ledracy.com\/en\/core_special_offers\/sejour-echappee-gourmande\/\">\n                            S\u00e9jour \u00e9chapp\u00e9e gourmande            <\/a>\n        <\/h3>\n                    <div class=\"eliophot-offer__summary\">\n                <p\n                                    >\n                    2 Jours \/ 1 Nuit  &quot;Un s\u00e9jour id\u00e9al pour savourer la gourmandise, la d\u00e9tente et le bien-\u00eatre \u00e0 deux.&quot;                <\/p>\n            <\/div>\n                        <\/div>\n\n            \n        <div class=\"eliophot-offer__cta\" itemprop=\"offers\" itemscope itemtype=\"https:\/\/schema.org\/Offer\">\n            <div class=\"eliophot-offer__cta_container\">\n                                    <input type=\"hidden\" name=\"id_offer\" value=\"6024\"\/>\n                    <div class=\"eliophot-offer__cta_title\" itemprop=\"priceSpecification\" itemscope itemtype=\"https:\/\/schema.org\/UnitPriceSpecification\">\n                                            <\/div>\n\n                                <div class=\"eliophot-offer__cta_buttons\">\n                \n                                            <a href=\"https:\/\/www.ledracy.com\/en\/core_special_offers\/sejour-echappee-gourmande\/\" class=\"eliophot-offer__cta_button eliophot-offer__cta_button_second elementor-button-link elementor-button elementor-size-sm \">\n                            D\u00e9couvrir                        <\/a>\n                                    <\/div>\n            <\/div>\n        <\/div>\n                    <\/div>        <\/div>\n                <div\n                class=\"eliophot-offer__container eliophot-base-list__container elementor-grid-item   eliophot-offer__skin-card eliophot-offer_ID_404 \"\n                data-category=\"\"\n                data-title = \"Forfait escapade\"\n                data-name = \"forfait-escapade\"\n        >\n            \n        <div class=\"eliophot-carousel__slider elementor-swiper\">\n\n                            <div class=\"eliophot-carousel-wrapper elementor-main-swiper swiper\">\n                    <div class=\"elementor-image-carousel swiper-wrapper swiper-image-stretch\">\n                        <!-- Slides -->\n                                                    <div class=\"swiper-slide\">\n                                <div class=\"elementor-carousel-image slide-0-image\" style=\"background-image: url('https:\/\/www.ledracy.com\/wp-content\/uploads\/2024\/12\/hoteletspa-ledracy-petit-dejeuner-terrasse-restaurant-2-scaled.jpg');\"><\/div>\n                                <link itemprop=\"image\" href=\"https:\/\/www.ledracy.com\/wp-content\/uploads\/2024\/12\/hoteletspa-ledracy-petit-dejeuner-terrasse-restaurant-2-scaled.jpg\" \/>\n                            <\/div>\n                                                    <div class=\"swiper-slide\">\n                                <div class=\"elementor-carousel-image slide-1-image\" style=\"background-image: url('https:\/\/www.ledracy.com\/wp-content\/uploads\/2024\/10\/hoteletspa-ledracy-velo-electrique-devant-entree-principale-scaled.jpg');\"><\/div>\n                                <link itemprop=\"image\" href=\"https:\/\/www.ledracy.com\/wp-content\/uploads\/2024\/10\/hoteletspa-ledracy-velo-electrique-devant-entree-principale-scaled.jpg\" \/>\n                            <\/div>\n                                                    <div class=\"swiper-slide\">\n                                <div class=\"elementor-carousel-image slide-2-image\" style=\"background-image: url('https:\/\/www.ledracy.com\/wp-content\/uploads\/2024\/12\/hoteletspa-ledracy-spa-piscine-interieure2-scaled.jpg');\"><\/div>\n                                <link itemprop=\"image\" href=\"https:\/\/www.ledracy.com\/wp-content\/uploads\/2024\/12\/hoteletspa-ledracy-spa-piscine-interieure2-scaled.jpg\" \/>\n                            <\/div>\n                                            <\/div>\n\n                                                            <div class=\"swiper-pagination swiper-pagination-bullets\"><\/div>\n                                                                <!-- If we need navigation buttons -->\n                        <div class=\"elementor-swiper-button elementor-swiper-button-prev eliophot-carousel-chevron-hover\">\n                            <i aria-hidden=\"true\" class=\"eicon-chevron-left\"><\/i>                            <span class=\"elementor-screen-only\"><\/span>\n                        <\/div>\n                        <div class=\"elementor-swiper-button elementor-swiper-button-next eliophot-carousel-chevron-hover\">\n                            <i aria-hidden=\"true\" class=\"eicon-chevron-right\"><\/i>                            <span class=\"elementor-screen-only\"><\/span>\n                        <\/div>\n                                    \n                <\/div>\n            \n        <\/div>\n        <div class=\"eliophot-offer__group\">            <div class=\"eliophot-offer__body\">\n                        <!-- TODO: if page link enabled -->\n        <h3 class=\"eliophot-offer__title\">\n            <span class=\"title_before\"><\/span>\n            <a  href=\"https:\/\/www.ledracy.com\/en\/core_special_offers\/forfait-escapade\/\">\n                            Forfait escapade            <\/a>\n        <\/h3>\n                    <div class=\"eliophot-offer__summary\">\n                <p\n                                    >\n                    2 Jours \/ 1 Nuit &quot;Votre \u00e9vasion bien-\u00eatre, douce et parfum\u00e9e, au c\u0153ur du Dracy.&quot;                <\/p>\n            <\/div>\n                        <\/div>\n\n            \n        <div class=\"eliophot-offer__cta\" itemprop=\"offers\" itemscope itemtype=\"https:\/\/schema.org\/Offer\">\n            <div class=\"eliophot-offer__cta_container\">\n                                    <input type=\"hidden\" name=\"id_offer\" value=\"404\"\/>\n                    <div class=\"eliophot-offer__cta_title\" itemprop=\"priceSpecification\" itemscope itemtype=\"https:\/\/schema.org\/UnitPriceSpecification\">\n                                            <\/div>\n\n                                <div class=\"eliophot-offer__cta_buttons\">\n                \n                                            <a href=\"https:\/\/www.ledracy.com\/en\/core_special_offers\/forfait-escapade\/\" class=\"eliophot-offer__cta_button eliophot-offer__cta_button_second elementor-button-link elementor-button elementor-size-sm \">\n                            D\u00e9couvrir                        <\/a>\n                                    <\/div>\n            <\/div>\n        <\/div>\n                    <\/div>        <\/div>\n                <div\n                class=\"eliophot-offer__container eliophot-base-list__container elementor-grid-item   eliophot-offer__skin-card eliophot-offer_ID_405 \"\n                data-category=\"\"\n                data-title = \"Forfait d\u00e9tente\"\n                data-name = \"forfait-detente\"\n        >\n            \n        <div class=\"eliophot-carousel__slider elementor-swiper\">\n\n                            <div class=\"eliophot-carousel-wrapper elementor-main-swiper swiper\">\n                    <div class=\"elementor-image-carousel swiper-wrapper swiper-image-stretch\">\n                        <!-- Slides -->\n                                                    <div class=\"swiper-slide\">\n                                <div class=\"elementor-carousel-image slide-0-image\" style=\"background-image: url('https:\/\/www.ledracy.com\/wp-content\/uploads\/2024\/11\/Design-sans-titre.jpg');\"><\/div>\n                                <link itemprop=\"image\" href=\"https:\/\/www.ledracy.com\/wp-content\/uploads\/2024\/11\/Design-sans-titre.jpg\" \/>\n                            <\/div>\n                                                    <div class=\"swiper-slide\">\n                                <div class=\"elementor-carousel-image slide-1-image\" style=\"background-image: url('https:\/\/www.ledracy.com\/wp-content\/uploads\/2024\/11\/hoteletspa-ledracy-restaurant-la-garenne-dessert-3-scaled.jpg');\"><\/div>\n                                <link itemprop=\"image\" href=\"https:\/\/www.ledracy.com\/wp-content\/uploads\/2024\/11\/hoteletspa-ledracy-restaurant-la-garenne-dessert-3-scaled.jpg\" \/>\n                            <\/div>\n                                                    <div class=\"swiper-slide\">\n                                <div class=\"elementor-carousel-image slide-2-image\" style=\"background-image: url('https:\/\/www.ledracy.com\/wp-content\/uploads\/2024\/10\/hoteletspa-ledracy-petit-dejeuner-terrasse-restaurant-scaled.jpg');\"><\/div>\n                                <link itemprop=\"image\" href=\"https:\/\/www.ledracy.com\/wp-content\/uploads\/2024\/10\/hoteletspa-ledracy-petit-dejeuner-terrasse-restaurant-scaled.jpg\" \/>\n                            <\/div>\n                                            <\/div>\n\n                                                            <div class=\"swiper-pagination swiper-pagination-bullets\"><\/div>\n                                                                <!-- If we need navigation buttons -->\n                        <div class=\"elementor-swiper-button elementor-swiper-button-prev eliophot-carousel-chevron-hover\">\n                            <i aria-hidden=\"true\" class=\"eicon-chevron-left\"><\/i>                            <span class=\"elementor-screen-only\"><\/span>\n                        <\/div>\n                        <div class=\"elementor-swiper-button elementor-swiper-button-next eliophot-carousel-chevron-hover\">\n                            <i aria-hidden=\"true\" class=\"eicon-chevron-right\"><\/i>                            <span class=\"elementor-screen-only\"><\/span>\n                        <\/div>\n                                    \n                <\/div>\n            \n        <\/div>\n        <div class=\"eliophot-offer__group\">            <div class=\"eliophot-offer__body\">\n                        <!-- TODO: if page link enabled -->\n        <h3 class=\"eliophot-offer__title\">\n            <span class=\"title_before\"><\/span>\n            <a  href=\"https:\/\/www.ledracy.com\/en\/core_special_offers\/forfait-detente\/\">\n                            Forfait d\u00e9tente            <\/a>\n        <\/h3>\n                    <div class=\"eliophot-offer__summary\">\n                <p\n                                    >\n                    2 Jours \/ 1 Nuit  &quot;Un moment de relaxation sur mesure, o\u00f9 chaque d\u00e9tail est pens\u00e9 pour r\u00e9pondre \u00e0 vos envies.&quot;                <\/p>\n            <\/div>\n                        <\/div>\n\n            \n        <div class=\"eliophot-offer__cta\" itemprop=\"offers\" itemscope itemtype=\"https:\/\/schema.org\/Offer\">\n            <div class=\"eliophot-offer__cta_container\">\n                                    <input type=\"hidden\" name=\"id_offer\" value=\"405\"\/>\n                    <div class=\"eliophot-offer__cta_title\" itemprop=\"priceSpecification\" itemscope itemtype=\"https:\/\/schema.org\/UnitPriceSpecification\">\n                                            <\/div>\n\n                                <div class=\"eliophot-offer__cta_buttons\">\n                \n                                            <a href=\"https:\/\/www.ledracy.com\/en\/core_special_offers\/forfait-detente\/\" class=\"eliophot-offer__cta_button eliophot-offer__cta_button_second elementor-button-link elementor-button elementor-size-sm \">\n                            D\u00e9couvrir                        <\/a>\n                                    <\/div>\n            <\/div>\n        <\/div>\n                    <\/div>        <\/div>\n                        <\/div>\n\n                \t\t\t\t<\/div>\n\t\t\t\t<\/div>\n\t\t\t\t\t<\/div>\n\t\t\t\t<\/div>\n\t\t\t\t<\/div>\n\t\t","protected":false},"excerpt":{"rendered":"<p>Offres sp\u00e9ciales R\u00e9servez votre moment d\u2019exception au Dracy S\u00e9jour \u00e9chapp\u00e9e gourmande 2 Jours \/ 1 Nuit &quot;Un s\u00e9jour id\u00e9al pour savourer la gourmandise, la d\u00e9tente et le bien-\u00eatre \u00e0 deux.&quot; D\u00e9couvrir S\u00e9jour &quot;bien-\u00eatre&quot; pour elle &amp; lui 2 Jours \/ 1 Nuit &quot;Un instant \u00e0 deux, alliant d\u00e9lices gourmands, d\u00e9tente et soins bien-\u00eatre pour une [&hellip;]<\/p>\n","protected":false},"author":13,"featured_media":0,"parent":0,"menu_order":0,"comment_status":"closed","ping_status":"closed","template":"","meta":{"_acf_changed":false,"inline_featured_image":false,"footnotes":""},"class_list":["post-1693","page","type-page","status-publish","hentry"],"acf":[],"_links":{"self":[{"href":"https:\/\/www.ledracy.com\/en\/wp-json\/wp\/v2\/pages\/1693","targetHints":{"allow":["GET"]}}],"collection":[{"href":"https:\/\/www.ledracy.com\/en\/wp-json\/wp\/v2\/pages"}],"about":[{"href":"https:\/\/www.ledracy.com\/en\/wp-json\/wp\/v2\/types\/page"}],"author":[{"embeddable":true,"href":"https:\/\/www.ledracy.com\/en\/wp-json\/wp\/v2\/users\/13"}],"replies":[{"embeddable":true,"href":"https:\/\/www.ledracy.com\/en\/wp-json\/wp\/v2\/comments?post=1693"}],"version-history":[{"count":160,"href":"https:\/\/www.ledracy.com\/en\/wp-json\/wp\/v2\/pages\/1693\/revisions"}],"predecessor-version":[{"id":6149,"href":"https:\/\/www.ledracy.com\/en\/wp-json\/wp\/v2\/pages\/1693\/revisions\/6149"}],"wp:attachment":[{"href":"https:\/\/www.ledracy.com\/en\/wp-json\/wp\/v2\/media?parent=1693"}],"curies":[{"name":"wp","href":"https:\/\/api.w.org\/{rel}","templated":true}]}}