{"id":70,"date":"2023-06-02T12:16:37","date_gmt":"2023-06-02T10:16:37","guid":{"rendered":"https:\/\/www.ledracy.com\/?page_id=70"},"modified":"2024-11-27T18:33:41","modified_gmt":"2024-11-27T17:33:41","slug":"nieuws-3","status":"publish","type":"page","link":"https:\/\/www.ledracy.com\/nl\/actualites\/","title":{"rendered":"Nieuws"},"content":{"rendered":"\t\t<div data-elementor-type=\"wp-page\" data-elementor-id=\"70\" class=\"elementor elementor-70\" data-elementor-post-type=\"page\">\n\t\t\t\t<div class=\"elementor-element elementor-element-de71edb e-con-full e-flex e-con e-parent\" data-id=\"de71edb\" data-element_type=\"container\" data-e-type=\"container\" id=\"top\" data-settings=\"{&quot;background_background&quot;:&quot;slideshow&quot;,&quot;background_slideshow_gallery&quot;:[{&quot;id&quot;:4128,&quot;url&quot;:&quot;https:\\\/\\\/www.ledracy.com\\\/wp-content\\\/uploads\\\/2024\\\/10\\\/hoteletspa-ledracy-entree-reception-3-scaled.jpg&quot;}],&quot;background_slideshow_slide_duration&quot;:3000,&quot;background_slideshow_ken_burns&quot;:&quot;yes&quot;,&quot;background_slideshow_loop&quot;:&quot;yes&quot;,&quot;background_slideshow_slide_transition&quot;:&quot;fade&quot;,&quot;background_slideshow_transition_duration&quot;:500,&quot;background_slideshow_ken_burns_zoom_direction&quot;:&quot;in&quot;}\">\n\t\t\t\t<div class=\"elementor-element elementor-element-3722343 elementor-widget elementor-widget-heading\" data-id=\"3722343\" data-element_type=\"widget\" data-e-type=\"widget\" data-widget_type=\"heading.default\">\n\t\t\t\t<div class=\"elementor-widget-container\">\n\t\t\t\t\t<h1 class=\"elementor-heading-title elementor-size-default\">Actualit\u00e9s<\/h1>\t\t\t\t<\/div>\n\t\t\t\t<\/div>\n\t\t\t\t<\/div>\n\t\t<div class=\"elementor-element elementor-element-c1b5fe9 e-flex e-con-boxed e-con e-parent\" data-id=\"c1b5fe9\" data-element_type=\"container\" data-e-type=\"container\" id=\"first-content\">\n\t\t\t\t\t<div class=\"e-con-inner\">\n\t\t<div class=\"elementor-element elementor-element-1a4d3fc e-flex e-con-boxed e-con e-child\" data-id=\"1a4d3fc\" data-element_type=\"container\" data-e-type=\"container\">\n\t\t\t\t\t<div class=\"e-con-inner\">\n\t\t\t\t<div class=\"elementor-element elementor-element-47d268e elementor-widget elementor-widget-heading\" data-id=\"47d268e\" data-element_type=\"widget\" data-e-type=\"widget\" data-widget_type=\"heading.default\">\n\t\t\t\t<div class=\"elementor-widget-container\">\n\t\t\t\t\t<span class=\"elementor-heading-title elementor-size-default\">Suivez-nous<\/span>\t\t\t\t<\/div>\n\t\t\t\t<\/div>\n\t\t\t\t<div class=\"elementor-element elementor-element-e3dfe97 elementor-widget elementor-widget-heading\" data-id=\"e3dfe97\" data-element_type=\"widget\" data-e-type=\"widget\" data-widget_type=\"heading.default\">\n\t\t\t\t<div class=\"elementor-widget-container\">\n\t\t\t\t\t<span class=\"elementor-heading-title elementor-size-default\"><a href=\"https:\/\/www.instagram.com\/hotel.spa_ledracy\/?hl=fr\" target=\"_blank\" rel=\"nofollow noopener\">@hotel.spa_ledracy<\/a><\/span>\t\t\t\t<\/div>\n\t\t\t\t<\/div>\n\t\t\t\t<div class=\"elementor-element elementor-element-75a633a elementor-widget elementor-widget-html\" data-id=\"75a633a\" data-element_type=\"widget\" data-e-type=\"widget\" data-widget_type=\"html.default\">\n\t\t\t\t<div class=\"elementor-widget-container\">\n\t\t\t\t\t<script src=\"https:\/\/static.elfsight.com\/platform\/platform.js\" async><\/script>\r\n<div class=\"elfsight-app-d7d32fa1-a47f-47d3-ae5e-a03119adc557\" data-elfsight-app-lazy><\/div>\t\t\t\t<\/div>\n\t\t\t\t<\/div>\n\t\t\t\t\t<\/div>\n\t\t\t\t<\/div>\n\t\t\t\t<div class=\"elementor-element elementor-element-6349397 elementor-widget elementor-widget-heading\" data-id=\"6349397\" data-element_type=\"widget\" data-e-type=\"widget\" data-widget_type=\"heading.default\">\n\t\t\t\t<div class=\"elementor-widget-container\">\n\t\t\t\t\t<p class=\"elementor-heading-title elementor-size-default\">Nos actualit\u00e9s<\/p>\t\t\t\t<\/div>\n\t\t\t\t<\/div>\n\t\t\t\t<div class=\"elementor-element elementor-element-557d096 elementor-widget-divider--view-line_icon elementor-view-default elementor-widget-divider--element-align-center elementor-widget elementor-widget-global elementor-global-364 elementor-widget-divider\" data-id=\"557d096\" data-element_type=\"widget\" data-e-type=\"widget\" data-widget_type=\"divider.default\">\n\t\t\t\t<div class=\"elementor-widget-container\">\n\t\t\t\t\t\t\t<div class=\"elementor-divider\">\n\t\t\t<span class=\"elementor-divider-separator\">\n\t\t\t\t\t\t\t<div class=\"elementor-icon elementor-divider__element\">\n\t\t\t\t\t<i aria-hidden=\"true\" class=\"fas fa-dot-circle\"><\/i><\/div>\n\t\t\t\t\t\t<\/span>\n\t\t<\/div>\n\t\t\t\t\t\t<\/div>\n\t\t\t\t<\/div>\n\t\t\t\t\t<\/div>\n\t\t\t\t<\/div>\n\t\t<div class=\"elementor-element elementor-element-e9dfa5a e-flex e-con-boxed e-con e-parent\" data-id=\"e9dfa5a\" data-element_type=\"container\" data-e-type=\"container\">\n\t\t\t\t\t<div class=\"e-con-inner\">\n\t\t\t\t<div class=\"elementor-element elementor-element-af32ac2 elementor-grid-3 elementor-grid-tablet-2 elementor-grid-mobile-1 elementor-posts--thumbnail-top elementor-card-shadow-yes elementor-posts__hover-gradient elementor-widget elementor-widget-posts\" data-id=\"af32ac2\" data-element_type=\"widget\" data-e-type=\"widget\" data-settings=\"{&quot;pagination_type&quot;:&quot;numbers&quot;,&quot;cards_columns&quot;:&quot;3&quot;,&quot;cards_columns_tablet&quot;:&quot;2&quot;,&quot;cards_columns_mobile&quot;:&quot;1&quot;,&quot;cards_row_gap&quot;:{&quot;unit&quot;:&quot;px&quot;,&quot;size&quot;:35,&quot;sizes&quot;:[]},&quot;cards_row_gap_tablet&quot;:{&quot;unit&quot;:&quot;px&quot;,&quot;size&quot;:&quot;&quot;,&quot;sizes&quot;:[]},&quot;cards_row_gap_mobile&quot;:{&quot;unit&quot;:&quot;px&quot;,&quot;size&quot;:&quot;&quot;,&quot;sizes&quot;:[]}}\" data-widget_type=\"posts.cards\">\n\t\t\t\t<div class=\"elementor-widget-container\">\n\t\t\t\t\t\t\t<div class=\"elementor-posts-container elementor-posts elementor-posts--skin-cards elementor-grid\" role=\"list\">\n\t\t\t\t<article class=\"elementor-post elementor-grid-item post-6371 post type-post status-publish format-standard has-post-thumbnail hentry category-actualites\" role=\"listitem\">\n\t\t\t<div class=\"elementor-post__card\">\n\t\t\t\t<a class=\"elementor-post__thumbnail__link\" href=\"https:\/\/www.ledracy.com\/nl\/week-end-romantique-bourgogne-couple\/\" tabindex=\"-1\"><div class=\"elementor-post__thumbnail\"><img fetchpriority=\"high\" decoding=\"async\" width=\"1200\" height=\"500\" src=\"https:\/\/www.ledracy.com\/wp-content\/uploads\/2026\/03\/week-end-romantique-Bourgogne-couple-bandeau-accueil-dracy.png\" class=\"attachment-full size-full wp-image-6377\" alt=\"\" srcset=\"https:\/\/www.ledracy.com\/wp-content\/uploads\/2026\/03\/week-end-romantique-Bourgogne-couple-bandeau-accueil-dracy.png 1200w, https:\/\/www.ledracy.com\/wp-content\/uploads\/2026\/03\/week-end-romantique-Bourgogne-couple-bandeau-accueil-dracy-300x125.png 300w, https:\/\/www.ledracy.com\/wp-content\/uploads\/2026\/03\/week-end-romantique-Bourgogne-couple-bandeau-accueil-dracy-1024x427.png 1024w, https:\/\/www.ledracy.com\/wp-content\/uploads\/2026\/03\/week-end-romantique-Bourgogne-couple-bandeau-accueil-dracy-768x320.png 768w, https:\/\/www.ledracy.com\/wp-content\/uploads\/2026\/03\/week-end-romantique-Bourgogne-couple-bandeau-accueil-dracy-18x8.png 18w\" sizes=\"(max-width: 1200px) 100vw, 1200px\" title=\"\"><\/div><\/a>\n\t\t\t\t<div class=\"elementor-post__text\">\n\t\t\t\t<h2 class=\"elementor-post__title\">\n\t\t\t<a href=\"https:\/\/www.ledracy.com\/nl\/week-end-romantique-bourgogne-couple\/\">\n\t\t\t\tWeek-end romantique en Bourgogne : l&rsquo;escapade id\u00e9ale pour les couples\t\t\t<\/a>\n\t\t<\/h2>\n\t\t\t\t<div class=\"elementor-post__excerpt\">\n\t\t\t<p>Pour un week-end romantique Bourgogne couple, il existe un territoire qui s&rsquo;impose naturellement : la<\/p>\n\t\t<\/div>\n\t\t\n\t\t<a class=\"elementor-post__read-more\" href=\"https:\/\/www.ledracy.com\/nl\/week-end-romantique-bourgogne-couple\/\" aria-label=\"Lees meer over Week-end romantique en Bourgogne : l&rsquo;escapade id\u00e9ale pour les couples\" tabindex=\"-1\">\n\t\t\tLire la suite \u00bb\t\t<\/a>\n\n\t\t\t\t<\/div>\n\t\t\t\t<div class=\"elementor-post__meta-data\">\n\t\t\t\t\t<span class=\"elementor-post-date\">\n\t\t\t27 maart 2026\t\t<\/span>\n\t\t\t\t<\/div>\n\t\t\t\t\t<\/div>\n\t\t<\/article>\n\t\t\t\t<article class=\"elementor-post elementor-grid-item post-6345 post type-post status-publish format-standard has-post-thumbnail hentry category-actualites\" role=\"listitem\">\n\t\t\t<div class=\"elementor-post__card\">\n\t\t\t\t<a class=\"elementor-post__thumbnail__link\" href=\"https:\/\/www.ledracy.com\/nl\/visite-en-bourgogne-mars\/\" tabindex=\"-1\"><div class=\"elementor-post__thumbnail\"><img decoding=\"async\" width=\"1200\" height=\"500\" src=\"https:\/\/www.ledracy.com\/wp-content\/uploads\/2026\/03\/visite-en-bourgogne-mars-dracy.jpg\" class=\"attachment-full size-full wp-image-6362\" alt=\"\" srcset=\"https:\/\/www.ledracy.com\/wp-content\/uploads\/2026\/03\/visite-en-bourgogne-mars-dracy.jpg 1200w, https:\/\/www.ledracy.com\/wp-content\/uploads\/2026\/03\/visite-en-bourgogne-mars-dracy-300x125.jpg 300w, https:\/\/www.ledracy.com\/wp-content\/uploads\/2026\/03\/visite-en-bourgogne-mars-dracy-1024x427.jpg 1024w, https:\/\/www.ledracy.com\/wp-content\/uploads\/2026\/03\/visite-en-bourgogne-mars-dracy-768x320.jpg 768w, https:\/\/www.ledracy.com\/wp-content\/uploads\/2026\/03\/visite-en-bourgogne-mars-dracy-18x8.jpg 18w\" sizes=\"(max-width: 1200px) 100vw, 1200px\" title=\"\"><\/div><\/a>\n\t\t\t\t<div class=\"elementor-post__text\">\n\t\t\t\t<h2 class=\"elementor-post__title\">\n\t\t\t<a href=\"https:\/\/www.ledracy.com\/nl\/visite-en-bourgogne-mars\/\">\n\t\t\t\tVisite en Bourgogne en Mars : que faire pour vivre une exp\u00e9rience diff\u00e9rente ?\t\t\t<\/a>\n\t\t<\/h2>\n\t\t\t\t<div class=\"elementor-post__excerpt\">\n\t\t\t<p>Mars en Bourgogne, les visites \u00e0 ne pas manquer. Vous pr\u00e9parez une Visite en Bourgogne<\/p>\n\t\t<\/div>\n\t\t\n\t\t<a class=\"elementor-post__read-more\" href=\"https:\/\/www.ledracy.com\/nl\/visite-en-bourgogne-mars\/\" aria-label=\"Lees meer over Visite en Bourgogne en Mars : que faire pour vivre une exp\u00e9rience diff\u00e9rente ?\" tabindex=\"-1\">\n\t\t\tLire la suite \u00bb\t\t<\/a>\n\n\t\t\t\t<\/div>\n\t\t\t\t<div class=\"elementor-post__meta-data\">\n\t\t\t\t\t<span class=\"elementor-post-date\">\n\t\t\t2 maart 2026\t\t<\/span>\n\t\t\t\t<\/div>\n\t\t\t\t\t<\/div>\n\t\t<\/article>\n\t\t\t\t<article class=\"elementor-post elementor-grid-item post-6294 post type-post status-publish format-standard has-post-thumbnail hentry category-actualites tag-idee-cadeau-noel-couple-offrez-un-moment-a-partager\" role=\"listitem\">\n\t\t\t<div class=\"elementor-post__card\">\n\t\t\t\t<a class=\"elementor-post__thumbnail__link\" href=\"https:\/\/www.ledracy.com\/nl\/idee-cadeau-noel-couple\/\" tabindex=\"-1\"><div class=\"elementor-post__thumbnail\"><img decoding=\"async\" width=\"1080\" height=\"1350\" src=\"https:\/\/www.ledracy.com\/wp-content\/uploads\/2025\/11\/POST-LE_DRACY_hotel_et_spa_6.jpg\" class=\"attachment-full size-full wp-image-6289\" alt=\"\" srcset=\"https:\/\/www.ledracy.com\/wp-content\/uploads\/2025\/11\/POST-LE_DRACY_hotel_et_spa_6.jpg 1080w, https:\/\/www.ledracy.com\/wp-content\/uploads\/2025\/11\/POST-LE_DRACY_hotel_et_spa_6-240x300.jpg 240w, https:\/\/www.ledracy.com\/wp-content\/uploads\/2025\/11\/POST-LE_DRACY_hotel_et_spa_6-819x1024.jpg 819w, https:\/\/www.ledracy.com\/wp-content\/uploads\/2025\/11\/POST-LE_DRACY_hotel_et_spa_6-768x960.jpg 768w, https:\/\/www.ledracy.com\/wp-content\/uploads\/2025\/11\/POST-LE_DRACY_hotel_et_spa_6-10x12.jpg 10w\" sizes=\"(max-width: 1080px) 100vw, 1080px\" title=\"\"><\/div><\/a>\n\t\t\t\t<div class=\"elementor-post__text\">\n\t\t\t\t<h2 class=\"elementor-post__title\">\n\t\t\t<a href=\"https:\/\/www.ledracy.com\/nl\/idee-cadeau-noel-couple\/\">\n\t\t\t\tId\u00e9es cadeau de No\u00ebl pour couple : offrir des souvenirs \u00e0 deux\t\t\t<\/a>\n\t\t<\/h2>\n\t\t\t\t<div class=\"elementor-post__excerpt\">\n\t\t\t<p>Un cadeau pour renforcer les liens Chaque ann\u00e9e, la m\u00eame question revient :&nbsp;que peut-on bien<\/p>\n\t\t<\/div>\n\t\t\n\t\t<a class=\"elementor-post__read-more\" href=\"https:\/\/www.ledracy.com\/nl\/idee-cadeau-noel-couple\/\" aria-label=\"Lees meer over Id\u00e9es cadeau de No\u00ebl pour couple : offrir des souvenirs \u00e0 deux\" tabindex=\"-1\">\n\t\t\tLire la suite \u00bb\t\t<\/a>\n\n\t\t\t\t<\/div>\n\t\t\t\t<div class=\"elementor-post__meta-data\">\n\t\t\t\t\t<span class=\"elementor-post-date\">\n\t\t\t12 november 2025\t\t<\/span>\n\t\t\t\t<\/div>\n\t\t\t\t\t<\/div>\n\t\t<\/article>\n\t\t\t\t<article class=\"elementor-post elementor-grid-item post-6239 post type-post status-publish format-standard has-post-thumbnail hentry category-actualites\" role=\"listitem\">\n\t\t\t<div class=\"elementor-post__card\">\n\t\t\t\t<a class=\"elementor-post__thumbnail__link\" href=\"https:\/\/www.ledracy.com\/nl\/sorties-en-bourgogne\/\" tabindex=\"-1\"><div class=\"elementor-post__thumbnail\"><img loading=\"lazy\" decoding=\"async\" width=\"1365\" height=\"2048\" src=\"https:\/\/www.ledracy.com\/wp-content\/uploads\/2025\/09\/sorties-en-bourgogne-chalon-sur-saone-Paulee-de-la-Cote-Chalonnaise-octobre-2025.jpg\" class=\"attachment-full size-full wp-image-6242\" alt=\"sorties en bourgogne \u00e9v\u00e8nement d&#039;octobre\" srcset=\"https:\/\/www.ledracy.com\/wp-content\/uploads\/2025\/09\/sorties-en-bourgogne-chalon-sur-saone-Paulee-de-la-Cote-Chalonnaise-octobre-2025.jpg 1365w, https:\/\/www.ledracy.com\/wp-content\/uploads\/2025\/09\/sorties-en-bourgogne-chalon-sur-saone-Paulee-de-la-Cote-Chalonnaise-octobre-2025-200x300.jpg 200w, https:\/\/www.ledracy.com\/wp-content\/uploads\/2025\/09\/sorties-en-bourgogne-chalon-sur-saone-Paulee-de-la-Cote-Chalonnaise-octobre-2025-683x1024.jpg 683w, https:\/\/www.ledracy.com\/wp-content\/uploads\/2025\/09\/sorties-en-bourgogne-chalon-sur-saone-Paulee-de-la-Cote-Chalonnaise-octobre-2025-768x1152.jpg 768w, https:\/\/www.ledracy.com\/wp-content\/uploads\/2025\/09\/sorties-en-bourgogne-chalon-sur-saone-Paulee-de-la-Cote-Chalonnaise-octobre-2025-1024x1536.jpg 1024w, https:\/\/www.ledracy.com\/wp-content\/uploads\/2025\/09\/sorties-en-bourgogne-chalon-sur-saone-Paulee-de-la-Cote-Chalonnaise-octobre-2025-8x12.jpg 8w\" sizes=\"(max-width: 1365px) 100vw, 1365px\" title=\"\"><\/div><\/a>\n\t\t\t\t<div class=\"elementor-post__text\">\n\t\t\t\t<h2 class=\"elementor-post__title\">\n\t\t\t<a href=\"https:\/\/www.ledracy.com\/nl\/sorties-en-bourgogne\/\">\n\t\t\t\tSorties en Bourgogne : octobre 2025 autour du vin\t\t\t<\/a>\n\t\t<\/h2>\n\t\t\t\t<div class=\"elementor-post__excerpt\">\n\t\t\t<p>Vous \u00eates en qu\u00eate d\u2019id\u00e9es de sorties en Bourgogne cet automne ? Octobre est une<\/p>\n\t\t<\/div>\n\t\t\n\t\t<a class=\"elementor-post__read-more\" href=\"https:\/\/www.ledracy.com\/nl\/sorties-en-bourgogne\/\" aria-label=\"Lees meer over Sorties en Bourgogne : octobre 2025 autour du vin\" tabindex=\"-1\">\n\t\t\tLire la suite \u00bb\t\t<\/a>\n\n\t\t\t\t<\/div>\n\t\t\t\t<div class=\"elementor-post__meta-data\">\n\t\t\t\t\t<span class=\"elementor-post-date\">\n\t\t\t3 september 2025\t\t<\/span>\n\t\t\t\t<\/div>\n\t\t\t\t\t<\/div>\n\t\t<\/article>\n\t\t\t\t<article class=\"elementor-post elementor-grid-item post-6165 post type-post status-publish format-standard has-post-thumbnail hentry category-actualites\" role=\"listitem\">\n\t\t\t<div class=\"elementor-post__card\">\n\t\t\t\t<a class=\"elementor-post__thumbnail__link\" href=\"https:\/\/www.ledracy.com\/nl\/cadeau-fete-des-meres-utile\/\" tabindex=\"-1\"><div class=\"elementor-post__thumbnail\"><img loading=\"lazy\" decoding=\"async\" width=\"1080\" height=\"1350\" src=\"https:\/\/www.ledracy.com\/wp-content\/uploads\/2025\/05\/POST-LE-DRACY-hotel-et-spa-1.jpg\" class=\"attachment-full size-full wp-image-6169\" alt=\"\" srcset=\"https:\/\/www.ledracy.com\/wp-content\/uploads\/2025\/05\/POST-LE-DRACY-hotel-et-spa-1.jpg 1080w, https:\/\/www.ledracy.com\/wp-content\/uploads\/2025\/05\/POST-LE-DRACY-hotel-et-spa-1-240x300.jpg 240w, https:\/\/www.ledracy.com\/wp-content\/uploads\/2025\/05\/POST-LE-DRACY-hotel-et-spa-1-819x1024.jpg 819w, https:\/\/www.ledracy.com\/wp-content\/uploads\/2025\/05\/POST-LE-DRACY-hotel-et-spa-1-768x960.jpg 768w, https:\/\/www.ledracy.com\/wp-content\/uploads\/2025\/05\/POST-LE-DRACY-hotel-et-spa-1-10x12.jpg 10w\" sizes=\"(max-width: 1080px) 100vw, 1080px\" title=\"\"><\/div><\/a>\n\t\t\t\t<div class=\"elementor-post__text\">\n\t\t\t\t<h2 class=\"elementor-post__title\">\n\t\t\t<a href=\"https:\/\/www.ledracy.com\/nl\/cadeau-fete-des-meres-utile\/\">\n\t\t\t\tCadeau f\u00eate des m\u00e8res utile\t\t\t<\/a>\n\t\t<\/h2>\n\t\t\t\t<div class=\"elementor-post__excerpt\">\n\t\t\t<p>3 id\u00e9es bien-\u00eatre qui font plaisir et durent longtemps ! Chaque ann\u00e9e, la m\u00eame question<\/p>\n\t\t<\/div>\n\t\t\n\t\t<a class=\"elementor-post__read-more\" href=\"https:\/\/www.ledracy.com\/nl\/cadeau-fete-des-meres-utile\/\" aria-label=\"Lees meer over Cadeau f\u00eate des m\u00e8res utile\" tabindex=\"-1\">\n\t\t\tLire la suite \u00bb\t\t<\/a>\n\n\t\t\t\t<\/div>\n\t\t\t\t<div class=\"elementor-post__meta-data\">\n\t\t\t\t\t<span class=\"elementor-post-date\">\n\t\t\t16 mei 2025\t\t<\/span>\n\t\t\t\t<\/div>\n\t\t\t\t\t<\/div>\n\t\t<\/article>\n\t\t\t\t<article class=\"elementor-post elementor-grid-item post-6115 post type-post status-publish format-standard has-post-thumbnail hentry category-actualites\" role=\"listitem\">\n\t\t\t<div class=\"elementor-post__card\">\n\t\t\t\t<a class=\"elementor-post__thumbnail__link\" href=\"https:\/\/www.ledracy.com\/nl\/restaurant-la-garenne-soirees-speciales-saint-valentin\/\" tabindex=\"-1\"><div class=\"elementor-post__thumbnail\"><img loading=\"lazy\" decoding=\"async\" width=\"1707\" height=\"1690\" src=\"https:\/\/www.ledracy.com\/wp-content\/uploads\/2025\/02\/hoteletspa-ledracy-restaurant-la-garenne-service-en-terrasse-4-scaled-e1739178144698.jpg\" class=\"attachment-full size-full wp-image-6118\" alt=\"Menu Saint Valentin restaurant pr\u00e8s de Chalon sur soane\" srcset=\"https:\/\/www.ledracy.com\/wp-content\/uploads\/2025\/02\/hoteletspa-ledracy-restaurant-la-garenne-service-en-terrasse-4-scaled-e1739178144698.jpg 1707w, https:\/\/www.ledracy.com\/wp-content\/uploads\/2025\/02\/hoteletspa-ledracy-restaurant-la-garenne-service-en-terrasse-4-scaled-e1739178144698-300x297.jpg 300w, https:\/\/www.ledracy.com\/wp-content\/uploads\/2025\/02\/hoteletspa-ledracy-restaurant-la-garenne-service-en-terrasse-4-scaled-e1739178144698-1024x1014.jpg 1024w, https:\/\/www.ledracy.com\/wp-content\/uploads\/2025\/02\/hoteletspa-ledracy-restaurant-la-garenne-service-en-terrasse-4-scaled-e1739178144698-150x150.jpg 150w, https:\/\/www.ledracy.com\/wp-content\/uploads\/2025\/02\/hoteletspa-ledracy-restaurant-la-garenne-service-en-terrasse-4-scaled-e1739178144698-768x760.jpg 768w, https:\/\/www.ledracy.com\/wp-content\/uploads\/2025\/02\/hoteletspa-ledracy-restaurant-la-garenne-service-en-terrasse-4-scaled-e1739178144698-1536x1521.jpg 1536w, https:\/\/www.ledracy.com\/wp-content\/uploads\/2025\/02\/hoteletspa-ledracy-restaurant-la-garenne-service-en-terrasse-4-scaled-e1739178144698-12x12.jpg 12w\" sizes=\"(max-width: 1707px) 100vw, 1707px\" title=\"\"><\/div><\/a>\n\t\t\t\t<div class=\"elementor-post__text\">\n\t\t\t\t<h2 class=\"elementor-post__title\">\n\t\t\t<a href=\"https:\/\/www.ledracy.com\/nl\/restaurant-la-garenne-soirees-speciales-saint-valentin\/\">\n\t\t\t\tRestaurant La Garenne : Soir\u00e9es Sp\u00e9ciales Saint Valentin\t\t\t<\/a>\n\t\t<\/h2>\n\t\t\t\t<div class=\"elementor-post__excerpt\">\n\t\t\t<p>C\u00e9l\u00e9brez l\u2019amour \u00e0 La Garenne \u2728 Notre soir\u00e9e sp\u00e9ciale Saint-Valentin du vendredi 14 f\u00e9vrier est<\/p>\n\t\t<\/div>\n\t\t\n\t\t<a class=\"elementor-post__read-more\" href=\"https:\/\/www.ledracy.com\/nl\/restaurant-la-garenne-soirees-speciales-saint-valentin\/\" aria-label=\"Lees meer over Restaurant La Garenne : Soir\u00e9es Sp\u00e9ciales Saint Valentin\" tabindex=\"-1\">\n\t\t\tLire la suite \u00bb\t\t<\/a>\n\n\t\t\t\t<\/div>\n\t\t\t\t<div class=\"elementor-post__meta-data\">\n\t\t\t\t\t<span class=\"elementor-post-date\">\n\t\t\t10 februari 2025\t\t<\/span>\n\t\t\t\t<\/div>\n\t\t\t\t\t<\/div>\n\t\t<\/article>\n\t\t\t\t<\/div>\n\t\t\n\t\t\t\t<div class=\"e-load-more-anchor\" data-page=\"1\" data-max-page=\"4\" data-next-page=\"https:\/\/www.ledracy.com\/nl\/wp-json\/wp\/v2\/pages\/70\/page\/2\/\"><\/div>\n\t\t\t\t<nav class=\"elementor-pagination\" aria-label=\"Paginering\">\n\t\t\t<span aria-current=\"page\" class=\"page-numbers current\"><span class=\"elementor-screen-only\">Pagina<\/span>1<\/span>\n<a class=\"page-numbers\" href=\"https:\/\/www.ledracy.com\/nl\/wp-json\/wp\/v2\/pages\/70\/page\/2\/\"><span class=\"elementor-screen-only\">Pagina<\/span>2<\/a>\n<a class=\"page-numbers\" href=\"https:\/\/www.ledracy.com\/nl\/wp-json\/wp\/v2\/pages\/70\/page\/3\/\"><span class=\"elementor-screen-only\">Pagina<\/span>3<\/a>\n<a class=\"page-numbers\" href=\"https:\/\/www.ledracy.com\/nl\/wp-json\/wp\/v2\/pages\/70\/page\/4\/\"><span class=\"elementor-screen-only\">Pagina<\/span>4<\/a>\t\t<\/nav>\n\t\t\t\t\t\t<\/div>\n\t\t\t\t<\/div>\n\t\t\t\t\t<\/div>\n\t\t\t\t<\/div>\n\t\t\t\t<\/div>\n\t\t","protected":false},"excerpt":{"rendered":"<p>Actualit\u00e9s Suivez-nous @hotel.spa_ledracy Nos actualit\u00e9s<\/p>","protected":false},"author":7,"featured_media":0,"parent":0,"menu_order":0,"comment_status":"closed","ping_status":"closed","template":"","meta":{"_acf_changed":false,"inline_featured_image":false,"footnotes":""},"class_list":["post-70","page","type-page","status-publish","hentry"],"acf":[],"_links":{"self":[{"href":"https:\/\/www.ledracy.com\/nl\/wp-json\/wp\/v2\/pages\/70","targetHints":{"allow":["GET"]}}],"collection":[{"href":"https:\/\/www.ledracy.com\/nl\/wp-json\/wp\/v2\/pages"}],"about":[{"href":"https:\/\/www.ledracy.com\/nl\/wp-json\/wp\/v2\/types\/page"}],"author":[{"embeddable":true,"href":"https:\/\/www.ledracy.com\/nl\/wp-json\/wp\/v2\/users\/7"}],"replies":[{"embeddable":true,"href":"https:\/\/www.ledracy.com\/nl\/wp-json\/wp\/v2\/comments?post=70"}],"version-history":[{"count":88,"href":"https:\/\/www.ledracy.com\/nl\/wp-json\/wp\/v2\/pages\/70\/revisions"}],"predecessor-version":[{"id":5695,"href":"https:\/\/www.ledracy.com\/nl\/wp-json\/wp\/v2\/pages\/70\/revisions\/5695"}],"wp:attachment":[{"href":"https:\/\/www.ledracy.com\/nl\/wp-json\/wp\/v2\/media?parent=70"}],"curies":[{"name":"wp","href":"https:\/\/api.w.org\/{rel}","templated":true}]}}